{"id":120,"date":"2017-04-25T19:58:12","date_gmt":"2017-04-25T18:58:12","guid":{"rendered":"http:\/\/liebevoll-sgw.de\/?page_id=120"},"modified":"2021-10-06T10:49:44","modified_gmt":"2021-10-06T09:49:44","slug":"zum-newsletter","status":"publish","type":"page","link":"https:\/\/liebevoll-sgw.de\/?page_id=120","title":{"rendered":"Newsletter &#038; Instagram: jederzeit informiert"},"content":{"rendered":"<p>In regelm\u00e4\u00dfigen Abst\u00e4nden gibt es die neuesten Informationen zu unserem stetig wachsenden Sortiment sowie tolle Aktionen zu den unterschiedlichsten Produkten &amp; Labels.<\/p>\n<p>Alle Informationen erhaltet ihr auf dieser Seite, Instagram oder \u00fcber den \u201eliebevoll\u201c-Newsletter. Einfach hier anmelden:<\/p>\n<p><div class=\"tnp tnp-subscription\">\n<form method=\"post\" action=\"https:\/\/liebevoll-sgw.de\/?na=s\" onsubmit=\"return newsletter_check(this)\">\n\n<input type=\"hidden\" name=\"nlang\" value=\"\">\n<input type=\"hidden\" name=\"nr\" value=\"page\">\n<div class=\"tnp-field tnp-field-firstname\"><label>Vor\u2013\/Nachname<\/label><input class=\"tnp-firstname\" type=\"text\" name=\"nn\" ><\/div>\n<div class=\"tnp-field tnp-field-email\"><label>Email Adresse<\/label><input class=\"tnp-email\" type=\"email\" name=\"ne\" required><\/div>\n<div class=\"tnp-field tnp-field-button\"><input class=\"tnp-submit\" type=\"submit\" value=\"Newsletter anmelden\" >\n<\/div>\n<\/form>\n<\/div>\n<\/p>\n<p><strong>Folgt uns auch auf Instagram: <\/strong><ul id=\"\" class=\"cnss-social-icon \" style=\"text-align:left;\"><li class=\"cn-fa-instagram\" style=\"display:inline-block;\"><a class=\"\" target=\"_blank\" href=\"https:\/\/www.instagram.com\/liebevoll_sgw\/\" title=\"Instagram\" style=\"\"><img src=\"http:\/\/liebevoll-sgw.de\/wp-content\/uploads\/2021\/04\/Instagram_Glyph_Gradient_RGB.png\" border=\"0\" width=\"64\" height=\"64\" alt=\"Instagram\" title=\"Instagram\" style=\"margin:4px;\" \/><\/a><\/li><\/ul><\/p>\n<p><!-- \/wp:html --><\/p>\n<p style=\"text-align: left; float: left; width: 49%; margin-right: 2%;\"><a href=\"http:\/\/liebevoll-sgw.de\/?page_id=62\">zur\u00fcck<\/a><\/p>\n","protected":false},"excerpt":{"rendered":"<p>In regelm\u00e4\u00dfigen Abst\u00e4nden gibt es die neuesten Informationen zu unserem stetig wachsenden Sortiment sowie tolle Aktionen zu den unterschiedlichsten Produkten [&hellip;]<\/p>\n","protected":false},"author":1,"featured_media":0,"parent":0,"menu_order":0,"comment_status":"closed","ping_status":"closed","template":"","meta":[],"_links":{"self":[{"href":"https:\/\/liebevoll-sgw.de\/index.php?rest_route=\/wp\/v2\/pages\/120"}],"collection":[{"href":"https:\/\/liebevoll-sgw.de\/index.php?rest_route=\/wp\/v2\/pages"}],"about":[{"href":"https:\/\/liebevoll-sgw.de\/index.php?rest_route=\/wp\/v2\/types\/page"}],"author":[{"embeddable":true,"href":"https:\/\/liebevoll-sgw.de\/index.php?rest_route=\/wp\/v2\/users\/1"}],"replies":[{"embeddable":true,"href":"https:\/\/liebevoll-sgw.de\/index.php?rest_route=%2Fwp%2Fv2%2Fcomments&post=120"}],"version-history":[{"count":18,"href":"https:\/\/liebevoll-sgw.de\/index.php?rest_route=\/wp\/v2\/pages\/120\/revisions"}],"predecessor-version":[{"id":1448,"href":"https:\/\/liebevoll-sgw.de\/index.php?rest_route=\/wp\/v2\/pages\/120\/revisions\/1448"}],"wp:attachment":[{"href":"https:\/\/liebevoll-sgw.de\/index.php?rest_route=%2Fwp%2Fv2%2Fmedia&parent=120"}],"curies":[{"name":"wp","href":"https:\/\/api.w.org\/{rel}","templated":true}]}}