{"id":2048,"date":"2024-07-25T11:45:03","date_gmt":"2024-07-25T10:45:03","guid":{"rendered":"https:\/\/liebevoll-sgw.de\/?page_id=2048"},"modified":"2025-08-22T08:03:47","modified_gmt":"2025-08-22T07:03:47","slug":"workshops","status":"publish","type":"page","link":"https:\/\/liebevoll-sgw.de\/?page_id=2048","title":{"rendered":"Workshops"},"content":{"rendered":"<p>Bei uns k\u00f6nnt ihr euch eine kreative Auszeit mit tollen Workshops g\u00f6nnen!<\/p>\n<p><strong>Alle unsere Workshops k\u00f6nnen ganz individuell vereinbart werden und zwar zu dem Termin, der euch am besten passt! Kommt gerne mit euren M\u00e4dels, T\u00f6chtern, Kolleginnen, Nachbarinnen oder M\u00e4nnern zu uns und verbringt eine tolle gemeinsame Zeit &#8211; gemeinsam Zeit zu verbringen ist auch einfach eine wunderbare Geschenkidee!<\/strong><\/p>\n<p><strong>Schmuck &amp; Drahtkranz<\/strong><br \/>\nIn diesem neuen Workshop gestaltet ihr aus einer Auswahl an echten Edelsteinperlen euer pers\u00f6nliches Armband und einen passenden Ring dazu. Im Anschluss daran werden wir noch mal mit Draht kreativ und stellen einen tollen Drahtkranz her, der sich f\u00fcr jede Jahreszeit eignet! Der Kurs Dauer ca. 2,5 Stunden und ist einfach perfekt f\u00fcr ein Mama &#8211; Tochter &#8211; Event.<\/p>\n<p>Inkl. Material, Getr\u00e4nke &amp; Snacks f\u00fcr 59,- Euro<\/p>\n<p><strong>H\u00e4keln<\/strong><br \/>\nIn diesem Workshop h\u00e4kelt ihr euer eigenes, kleines K\u00f6rbchen. Das Besondere ist der Holzboden, den ihr einarbeitet. Damit hat der Korb einen sicheren Stand und eine edle Optik. Der Kurs dauert ca. 3 Stunden.<\/p>\n<p>Inkl. Material, Getr\u00e4nke &amp; Snacks f\u00fcr 59,- Euro<\/p>\n<p><strong>T\u00f6pfern in Aufbautechnik<\/strong><br \/>\nHabt ihr Lust mit dem tollen Material Ton zu arbeiten und eure eigene Tasse und kleine Bowl zu t\u00f6pfern? Dann seid ihr bei diesem Keramik-Workshop genau richtig! Nach einer Einf\u00fchrung in die Aufbautechnik (get\u00f6pfert wird am Tisch und ohne Drehscheibe) k\u00f6nnt ihr dann eure eigenen Werke herstellen, formen &amp; mit verschiedenen Werkzeugen und Hilfsmitteln verzieren. Die St\u00fccke werden anschlie\u00dfend gebrannt und glasiert. Dazu k\u00f6nnt ihr euch am Kursabend eure Farben aus vier verschiedenen Glasuren aussuchen. Nach ca. vier Wochen k\u00f6nnen die fertigen Keramiken bei uns abgeholt werden. Der Kurs dauert ca. 3 Stunden.<\/p>\n<p>Inkl. Material, Getr\u00e4nke, Snacks &amp; Brennkosten f\u00fcr 89,- Euro<\/p>\n<p><strong>Vinylstempel schnitzen<\/strong><br \/>\nIn diesem Workshop schnitzt ihr aus einem Vinylblock euren eigenen Stempel. Ihr k\u00f6nnt aus verschiedenen Motiven w\u00e4hlen oder ein eigenes Motiv erstellen. Anschlie\u00dfend bedruckt ihr damit Karten und zum Schluss designt ihr euer eigenes Geschirrtuch. Der Kurs dauert ca. 3 Stunden.<\/p>\n<p>Inkl. Material, Getr\u00e4nke &amp; Snacks f\u00fcr 69,- Euro<\/p>\n<p><strong>Siebdruck Lampions<\/strong><br \/>\nIn diesem Workshop gestaltet ihr mit Hilfe von Siebdruck euren eigenen Lampion, den wir anschlie\u00dfend gemeinsam zusammen basteln. Am Anfang gibt es eine kurze theoretische Einf\u00fchrung in das Thema Siebdruck. Danach folgt der praktische Teil: Ihr bedruckt den Stoff f\u00fcr zwei Lampions, die Farbe wird getrocknet und fixiert und anschlie\u00dfend basteln wir die Lampions zusammen und bringen sie zum Leuchten. Der Kurs dauert ca. 2 &#8211; 2,5 Stunden.<\/p>\n<p>Inkl. Material, Snacks &amp; Getr\u00e4nke f\u00fcr 69,- Euro<\/p>\n<p><strong>Na, welcher Workshop passt zu euch?<\/strong><br \/>\nMeldet euch gerne bei uns und wir vereinbaren euren eigenen Workshoptermin!<\/p>\n<p><strong><\/strong><\/p>\n","protected":false},"excerpt":{"rendered":"<p>Bei uns k\u00f6nnt ihr euch eine kreative Auszeit mit tollen Workshops g\u00f6nnen! Alle unsere Workshops k\u00f6nnen ganz individuell vereinbart werden [&hellip;]<\/p>\n","protected":false},"author":1,"featured_media":0,"parent":0,"menu_order":0,"comment_status":"closed","ping_status":"closed","template":"","meta":[],"_links":{"self":[{"href":"https:\/\/liebevoll-sgw.de\/index.php?rest_route=\/wp\/v2\/pages\/2048"}],"collection":[{"href":"https:\/\/liebevoll-sgw.de\/index.php?rest_route=\/wp\/v2\/pages"}],"about":[{"href":"https:\/\/liebevoll-sgw.de\/index.php?rest_route=\/wp\/v2\/types\/page"}],"author":[{"embeddable":true,"href":"https:\/\/liebevoll-sgw.de\/index.php?rest_route=\/wp\/v2\/users\/1"}],"replies":[{"embeddable":true,"href":"https:\/\/liebevoll-sgw.de\/index.php?rest_route=%2Fwp%2Fv2%2Fcomments&post=2048"}],"version-history":[{"count":58,"href":"https:\/\/liebevoll-sgw.de\/index.php?rest_route=\/wp\/v2\/pages\/2048\/revisions"}],"predecessor-version":[{"id":2264,"href":"https:\/\/liebevoll-sgw.de\/index.php?rest_route=\/wp\/v2\/pages\/2048\/revisions\/2264"}],"wp:attachment":[{"href":"https:\/\/liebevoll-sgw.de\/index.php?rest_route=%2Fwp%2Fv2%2Fmedia&parent=2048"}],"curies":[{"name":"wp","href":"https:\/\/api.w.org\/{rel}","templated":true}]}}