{"id":269,"date":"2017-10-22T19:31:28","date_gmt":"2017-10-22T18:31:28","guid":{"rendered":"http:\/\/liebevoll-sgw.de\/?page_id=269"},"modified":"2025-04-15T08:55:29","modified_gmt":"2025-04-15T07:55:29","slug":"kontakt","status":"publish","type":"page","link":"https:\/\/liebevoll-sgw.de\/?page_id=269","title":{"rendered":"Impressum"},"content":{"rendered":"<p><img loading=\"lazy\" class=\"alignleft wp-image-191\" src=\"http:\/\/liebevoll-sgw.de\/wp-content\/uploads\/2017\/10\/Liebevoll-Logo-3-klein-300x150.png\" alt=\"\" width=\"236\" height=\"118\"><\/p>\n<p>Maren Scheibel I Hauptstra\u00dfe 18 a I 38527 Meine<br \/>\n05304.9077283 I 01525.2638435 I <a href=\"mailto:mail@liebevoll-sgw.de\">mail@liebevoll-sgw.de<\/a><br \/>\nwww.liebevoll-sgw.de<\/p>\n<h4>Impressum<\/h4>\n<h5><\/h5>\n<h5>Angaben gem\u00e4\u00df \u00a7 5 TMG:<\/h5>\n<p>Maren Scheibel<br \/>\nliebevoll schenken, gestalten &amp; wohnen<br \/>\nHauptstra\u00dfe 18 a<br \/>\n38527 Meine<\/p>\n<h5>Kontakt:<\/h5>\n<p>Telefon: +49 5304 9077283<br \/>\nE-Mail: mail@liebevoll-sgw.de<\/p>\n<h5>Umsatzsteuer:<\/h5>\n<p>Umsatzsteuer-<br \/>\nIdentifikationsnummer gem\u00e4\u00df \u00a727 a Umsatzsteuergesetz:<br \/>\nDE 311850685<\/p>\n<h5>Streitschlichtung<\/h5>\n<p>Wir sind nicht bereit oder verpflichtet, an Streitbeilegungsverfahren vor<br \/>\neiner Verbraucherschlichtungsstelle teilzunehmen.<\/p>\n<h5>Haftung f\u00fcr Inhalte<\/h5>\n<p>Als Diensteanbieter sind wir gem\u00e4\u00df \u00a7 7 Abs.1 TMG f\u00fcr eigene Inhalte auf diesen Seiten<br \/>\nnach den allgemeinen Gesetzen verantwortlich. Nach \u00a7\u00a7 8 bis 10 TMG sind wir als<br \/>\nDiensteanbieter jedoch nicht verpflichtet, \u00fcbermittelte oder gespeicherte fremde Informationen zu<br \/>\n\u00fcberwachen oder nach Umst\u00e4nden zu forschen, die auf eine rechtswidrige T\u00e4tigkeit<br \/>\nhinweisen.<\/p>\n<p>Verpflichtungen zur Entfernung oder Sperrung der Nutzung von Informationen nach<br \/>\nden allgemeinen Gesetzen bleiben hiervon unber\u00fchrt. Eine diesbez\u00fcgliche Haftung ist jedoch<br \/>\nerst ab dem Zeitpunkt der Kenntnis einer konkreten Rechtsverletzung m\u00f6glich. Bei Bekanntwerden<br \/>\nvon entsprechenden Rechtsverletzungen werden wir diese Inhalte umgehend entfernen.<\/p>\n<h5>Haftung f\u00fcr Links<\/h5>\n<p>Unser Angebot enth\u00e4lt Links zu externen Webseiten Dritter, auf<br \/>\nderen Inhalte wir keinen Einfluss haben. Deshalb k\u00f6nnen wir f\u00fcr diese fremden Inhalte auch<br \/>\nkeine Gew\u00e4hr \u00fcbernehmen. F\u00fcr die Inhalte der verlinkten Seiten ist stets der jeweilige<br \/>\nAnbieter oder Betreiber der Seiten verantwortlich. Die verlinkten Seiten wurden zum Zeitpunkt der<br \/>\nVerlinkung auf m\u00f6gliche Rechtsverst\u00f6\u00dfe \u00fcberpr\u00fcft. Rechtswidrige Inhalte<br \/>\nwaren zum Zeitpunkt der Verlinkung nicht erkennbar.<\/p>\n<p>Eine permanente inhaltliche Kontrolle der<br \/>\nverlinkten Seiten ist jedoch ohne konkrete Anhaltspunkte einer Rechtsverletzung nicht zumutbar. Bei<br \/>\nBekanntwerden von Rechtsverletzungen werden wir derartige Links umgehend entfernen.<\/p>\n<h5>Urheberrecht<\/h5>\n<p>Die durch die Seitenbetreiber erstellten Inhalte und Werke auf diesen Seiten<br \/>\nunterliegen dem deutschen Urheberrecht. Die Vervielf\u00e4ltigung, Bearbeitung, Verbreitung und jede<br \/>\nArt der Verwertung au\u00dferhalb der Grenzen des Urheberrechtes bed\u00fcrfen der schriftlichen<br \/>\nZustimmung des jeweiligen Autors bzw. Erstellers. Downloads und Kopien dieser Seite sind nur f\u00fcr<br \/>\nden privaten, nicht kommerziellen Gebrauch gestattet.<\/p>\n<p>Soweit die Inhalte auf dieser Seite nicht<br \/>\nvom Betreiber erstellt wurden, werden die Urheberrechte Dritter beachtet. Insbesondere werden Inhalte<br \/>\nDritter als solche gekennzeichnet. Sollten Sie trotzdem auf eine Urheberrechtsverletzung aufmerksam<br \/>\nwerden, bitten wir um einen entsprechenden Hinweis. Bei Bekanntwerden von Rechtsverletzungen<br \/>\nwerden wir derartige Inhalte umgehend entfernen.<\/p>\n","protected":false},"excerpt":{"rendered":"<p>Maren Scheibel I Hauptstra\u00dfe 18 a I 38527 Meine 05304.9077283 I 01525.2638435 I mail@liebevoll-sgw.de www.liebevoll-sgw.de Impressum Angaben gem\u00e4\u00df \u00a7 5 [&hellip;]<\/p>\n","protected":false},"author":1,"featured_media":0,"parent":0,"menu_order":0,"comment_status":"closed","ping_status":"closed","template":"","meta":[],"_links":{"self":[{"href":"https:\/\/liebevoll-sgw.de\/index.php?rest_route=\/wp\/v2\/pages\/269"}],"collection":[{"href":"https:\/\/liebevoll-sgw.de\/index.php?rest_route=\/wp\/v2\/pages"}],"about":[{"href":"https:\/\/liebevoll-sgw.de\/index.php?rest_route=\/wp\/v2\/types\/page"}],"author":[{"embeddable":true,"href":"https:\/\/liebevoll-sgw.de\/index.php?rest_route=\/wp\/v2\/users\/1"}],"replies":[{"embeddable":true,"href":"https:\/\/liebevoll-sgw.de\/index.php?rest_route=%2Fwp%2Fv2%2Fcomments&post=269"}],"version-history":[{"count":30,"href":"https:\/\/liebevoll-sgw.de\/index.php?rest_route=\/wp\/v2\/pages\/269\/revisions"}],"predecessor-version":[{"id":2190,"href":"https:\/\/liebevoll-sgw.de\/index.php?rest_route=\/wp\/v2\/pages\/269\/revisions\/2190"}],"wp:attachment":[{"href":"https:\/\/liebevoll-sgw.de\/index.php?rest_route=%2Fwp%2Fv2%2Fmedia&parent=269"}],"curies":[{"name":"wp","href":"https:\/\/api.w.org\/{rel}","templated":true}]}}