{"id":50,"date":"2017-03-14T20:00:48","date_gmt":"2017-03-14T19:00:48","guid":{"rendered":"http:\/\/liebevoll-sgw.de\/?page_id=50"},"modified":"2023-06-25T10:29:18","modified_gmt":"2023-06-25T09:29:18","slug":"privates-shoppingevent-einkaufen-mal-anders","status":"publish","type":"page","link":"https:\/\/liebevoll-sgw.de\/?page_id=50","title":{"rendered":"Shoppingevent privat: einkaufen mal anders"},"content":{"rendered":"<p>Du kommst gemeinsam mit deinen Freunden, Verwandten oder Arbeitskollegen zu uns und ihr werdet direkt von unserem liebevoll-Trailer und einem Teil der Produkte begr\u00fc\u00dft, danach geht es im Laden weiter.<\/p>\n<p>Damit ihr unsere liebevollen Produkte auch kennenlernt, bekommt ihr eine sch\u00f6ne Auswahl kurz vorgestellt. Nun k\u00f6nnt ihr in gem\u00fctlicher Atmosph\u00e4re st\u00f6bern, euch individuell beraten lassen &amp; entspannt einkaufen &#8211; und das, solange ihr m\u00f6gt. Bei Kaffee oder Secco kann das abends, nachmittags oder auch vormittags sein \u2013 ganz nach Wunsch.<\/p>\n<p>Optimal ist eine Teilnehmerzahl zwischen 5 und 7 Personen \u2013 und da du die Idee&nbsp; f\u00fcr ein gemeinsames Event hattest, wirst du auch belohnt!<\/p>\n<p>Du erh\u00e4ltst je nach Umsatzh\u00f6he der Gruppe ein <strong> tolles Geschenk zur Auswahl <\/strong> .<\/p>\n<p>Alle Teilnehmer bekommen ein kleines <strong>\u00dcberraschungsgeschenk<\/strong>.<\/p>\n<p>Und es gibt wunderbare <strong> Eventangebote <\/strong> zu entdecken.<\/p>\n<div style=\"display: block; text-align: left; font-size: 60%;\">Information: Mindestteilnehmerzahl 4 Personen.<\/div>\n<div><\/div>\n<p style=\"text-align: left; float: left; width: 49%; margin-right: 2%;\"><a href=\"http:\/\/liebevoll-sgw.de\/?page_id=54\">zur\u00fcck<\/a><\/p>\n<p style=\"text-align: right; float: left; width: 49%;\"><a href=\"http:\/\/liebevoll-sgw.de\/?page_id=52\">weiter<\/a><\/p>\n<p style=\"clear: both;\">\n","protected":false},"excerpt":{"rendered":"<p>Du kommst gemeinsam mit deinen Freunden, Verwandten oder Arbeitskollegen zu uns und ihr werdet direkt von unserem liebevoll-Trailer und einem [&hellip;]<\/p>\n","protected":false},"author":1,"featured_media":0,"parent":0,"menu_order":0,"comment_status":"closed","ping_status":"closed","template":"","meta":[],"_links":{"self":[{"href":"https:\/\/liebevoll-sgw.de\/index.php?rest_route=\/wp\/v2\/pages\/50"}],"collection":[{"href":"https:\/\/liebevoll-sgw.de\/index.php?rest_route=\/wp\/v2\/pages"}],"about":[{"href":"https:\/\/liebevoll-sgw.de\/index.php?rest_route=\/wp\/v2\/types\/page"}],"author":[{"embeddable":true,"href":"https:\/\/liebevoll-sgw.de\/index.php?rest_route=\/wp\/v2\/users\/1"}],"replies":[{"embeddable":true,"href":"https:\/\/liebevoll-sgw.de\/index.php?rest_route=%2Fwp%2Fv2%2Fcomments&post=50"}],"version-history":[{"count":51,"href":"https:\/\/liebevoll-sgw.de\/index.php?rest_route=\/wp\/v2\/pages\/50\/revisions"}],"predecessor-version":[{"id":1641,"href":"https:\/\/liebevoll-sgw.de\/index.php?rest_route=\/wp\/v2\/pages\/50\/revisions\/1641"}],"wp:attachment":[{"href":"https:\/\/liebevoll-sgw.de\/index.php?rest_route=%2Fwp%2Fv2%2Fmedia&parent=50"}],"curies":[{"name":"wp","href":"https:\/\/api.w.org\/{rel}","templated":true}]}}