{"id":52,"date":"2017-03-14T20:01:30","date_gmt":"2017-03-14T19:01:30","guid":{"rendered":"http:\/\/liebevoll-sgw.de\/?page_id=52"},"modified":"2021-10-06T13:26:19","modified_gmt":"2021-10-06T12:26:19","slug":"geburtstagskorb","status":"publish","type":"page","link":"https:\/\/liebevoll-sgw.de\/?page_id=52","title":{"rendered":"MIX &#038; Fertig Geschenk Box: der Tipp f\u00fcr eure Feier"},"content":{"rendered":"<p>Egal ob ihr Geburtstag habt, heiraten m\u00f6chtet oder einen anderen Grund zum Feiern habt.<br \/>\neure G\u00e4ste w\u00fcrden sich \u00fcber einen Geschenketipp von euch freuen?<\/p>\n<p>Dann ist unsere MIX &amp; Fertig Geschenk Box genau das Richtige.<\/p>\n<p style=\"text-align: left;\">Zwei bis drei Wochen vor eurer Feier kommt ihr zu uns und sucht euch eure Lieblingsprodukte aus und wir legen diese in unsere MIX &amp; Fertig Geschenk Box.<\/p>\n<p>Dann schauen eure G\u00e4ste bei uns vorbei und k\u00f6nnen sich ihr Geschenk f\u00fcr euch aussuchen &#8211; nat\u00fcrlich verpacken wir auch alles sehr gerne &amp; kostenlos.<\/p>\n<p style=\"text-align: left;\">\n<p>&nbsp;<\/p>\n<p style=\"text-align: left; float: left; width: 49%; margin-right: 2%;\"><a href=\"http:\/\/liebevoll-sgw.de\/?page_id=50\">zur\u00fcck<\/a><\/p>\n<p style=\"text-align: right; float: left; width: 49%;\"><a href=\"http:\/\/liebevoll-sgw.de\/?page_id=58\">weiter<\/a><\/p>\n<p style=\"clear: both;\">\n","protected":false},"excerpt":{"rendered":"<p>Egal ob ihr Geburtstag habt, heiraten m\u00f6chtet oder einen anderen Grund zum Feiern habt. eure G\u00e4ste w\u00fcrden sich \u00fcber einen [&hellip;]<\/p>\n","protected":false},"author":1,"featured_media":0,"parent":0,"menu_order":0,"comment_status":"closed","ping_status":"closed","template":"","meta":[],"_links":{"self":[{"href":"https:\/\/liebevoll-sgw.de\/index.php?rest_route=\/wp\/v2\/pages\/52"}],"collection":[{"href":"https:\/\/liebevoll-sgw.de\/index.php?rest_route=\/wp\/v2\/pages"}],"about":[{"href":"https:\/\/liebevoll-sgw.de\/index.php?rest_route=\/wp\/v2\/types\/page"}],"author":[{"embeddable":true,"href":"https:\/\/liebevoll-sgw.de\/index.php?rest_route=\/wp\/v2\/users\/1"}],"replies":[{"embeddable":true,"href":"https:\/\/liebevoll-sgw.de\/index.php?rest_route=%2Fwp%2Fv2%2Fcomments&post=52"}],"version-history":[{"count":26,"href":"https:\/\/liebevoll-sgw.de\/index.php?rest_route=\/wp\/v2\/pages\/52\/revisions"}],"predecessor-version":[{"id":1484,"href":"https:\/\/liebevoll-sgw.de\/index.php?rest_route=\/wp\/v2\/pages\/52\/revisions\/1484"}],"wp:attachment":[{"href":"https:\/\/liebevoll-sgw.de\/index.php?rest_route=%2Fwp%2Fv2%2Fmedia&parent=52"}],"curies":[{"name":"wp","href":"https:\/\/api.w.org\/{rel}","templated":true}]}}