{"id":56,"date":"2017-03-14T20:02:37","date_gmt":"2017-03-14T19:02:37","guid":{"rendered":"http:\/\/liebevoll-sgw.de\/?page_id=56"},"modified":"2021-10-06T10:45:06","modified_gmt":"2021-10-06T09:45:06","slug":"individuelle-beratung-geschenke-finden","status":"publish","type":"page","link":"https:\/\/liebevoll-sgw.de\/?page_id=56","title":{"rendered":"Individuelle Beratung: schenken, gestalten, wohnen &#038; nachhaltig leben"},"content":{"rendered":"<p><strong>schenken : privat &amp; gesch\u00e4ftlich <\/strong><\/p>\n<p>Ihr sucht ein Geschenk f\u00fcr eure FreundInnen, Familie, KollegInnen, NachbarInnen oder einfach f\u00fcr einen lieben Menschen? Oder m\u00f6chtet ihr euch bei Euren MitarbeiterInnen oder KundInnen mit einem liebevollen Aufmerksamkeit bedanken?<br \/>\nAuch wenn ihr euch selbst einfach etwas Gutes tun m\u00f6chten, seid ihr bei uns genau richtig!<\/p>\n<p>Gerne beraten wir euch individuell bei einem pers\u00f6nlichen Termin.<\/p>\n<p><strong>gestalten &amp; wohnen<\/strong><\/p>\n<p>Egal ob euer Lieblingsraum neue Wohnaccessoires ben\u00f6tigt, Ihr Liebgewonnenes einfach mal neu in Szene setzen wollt oder f\u00fcr eine kleine Feier die passende Dekoration ben\u00f6tigt, kommt einfach auf uns zu und wir schauen gemeinsam, was wir euch Tolles zaubern k\u00f6nnen!<\/p>\n<p><strong>nachhaltig leben<\/strong><\/p>\n<p>Unser Sortiment w\u00e4chst und w\u00e4chst in Richtung nachhaltiger leben &#8211; Ihr findet bei uns bereits tolle Produkte f\u00fcr die Bereiche: K\u00fcche, Bad &amp; Wohnen. Lasst euch gerne von uns beraten!<\/p>\n<p style=\"text-align: right\"><a href=\"http:\/\/liebevoll-sgw.de\/?page_id=54\">weiter<\/a><\/p>\n","protected":false},"excerpt":{"rendered":"<p>schenken : privat &amp; gesch\u00e4ftlich Ihr sucht ein Geschenk f\u00fcr eure FreundInnen, Familie, KollegInnen, NachbarInnen oder einfach f\u00fcr einen lieben [&hellip;]<\/p>\n","protected":false},"author":1,"featured_media":0,"parent":0,"menu_order":0,"comment_status":"closed","ping_status":"closed","template":"","meta":[],"_links":{"self":[{"href":"https:\/\/liebevoll-sgw.de\/index.php?rest_route=\/wp\/v2\/pages\/56"}],"collection":[{"href":"https:\/\/liebevoll-sgw.de\/index.php?rest_route=\/wp\/v2\/pages"}],"about":[{"href":"https:\/\/liebevoll-sgw.de\/index.php?rest_route=\/wp\/v2\/types\/page"}],"author":[{"embeddable":true,"href":"https:\/\/liebevoll-sgw.de\/index.php?rest_route=\/wp\/v2\/users\/1"}],"replies":[{"embeddable":true,"href":"https:\/\/liebevoll-sgw.de\/index.php?rest_route=%2Fwp%2Fv2%2Fcomments&post=56"}],"version-history":[{"count":18,"href":"https:\/\/liebevoll-sgw.de\/index.php?rest_route=\/wp\/v2\/pages\/56\/revisions"}],"predecessor-version":[{"id":1443,"href":"https:\/\/liebevoll-sgw.de\/index.php?rest_route=\/wp\/v2\/pages\/56\/revisions\/1443"}],"wp:attachment":[{"href":"https:\/\/liebevoll-sgw.de\/index.php?rest_route=%2Fwp%2Fv2%2Fmedia&parent=56"}],"curies":[{"name":"wp","href":"https:\/\/api.w.org\/{rel}","templated":true}]}}